{"id":5596,"date":"2023-02-24T09:41:18","date_gmt":"2023-02-24T09:41:18","guid":{"rendered":"https:\/\/thetaconstruction.de\/projects\/northgate-hotel-office-building\/"},"modified":"2023-03-27T23:19:21","modified_gmt":"2023-03-27T23:19:21","slug":"northgate-hotel-office-building","status":"publish","type":"page","link":"https:\/\/thetaconstruction.de\/en\/projects\/northgate-hotel-office-building\/","title":{"rendered":"Northgate Hotel &amp; Office Building"},"content":{"rendered":"<style>.elementor-5596 .elementor-element.elementor-element-264a98b:not(.elementor-motion-effects-element-type-background), .elementor-5596 .elementor-element.elementor-element-264a98b > .elementor-motion-effects-container > .elementor-motion-effects-layer{background-color:#F7F7F7;}.elementor-5596 .elementor-element.elementor-element-264a98b{transition:background 0.3s, border 0.3s, border-radius 0.3s, box-shadow 0.3s;margin-top:-50px;margin-bottom:0px;}.elementor-5596 .elementor-element.elementor-element-264a98b > .elementor-background-overlay{transition:background 0.3s, border-radius 0.3s, opacity 0.3s;}.elementor-5596 .elementor-element.elementor-element-666a3a0 .elementor-heading-title{font-size:1.2em;font-weight:500;text-transform:uppercase;line-height:1.4em;letter-spacing:2.5px;color:#D80D07;}.elementor-5596 .elementor-element.elementor-element-4d5a5d6 .elementor-heading-title{font-size:2.5em;line-height:1.2em;}.elementor-5596 .elementor-element.elementor-element-0c72a04{font-size:1.2em;}.elementor-5596 .elementor-element.elementor-element-4b0cb5b img{height:500px;object-fit:cover;object-position:center center;}.elementor-element-d78af36 .porto-gallery{--porto-el-spacing:10px;}<\/style>\t\t<div data-elementor-type=\"wp-page\" data-elementor-id=\"5596\" class=\"elementor elementor-5596 elementor-5074\" data-elementor-post-type=\"page\">\n\t\t\t\t\t\t<section class=\"elementor-section elementor-top-section elementor-element elementor-element-264a98b elementor-section-stretched pt-5 pb-2 pb-lg-5 elementor-section-boxed elementor-section-height-default elementor-section-height-default\" data-id=\"264a98b\" data-element_type=\"section\" data-settings=\"{&quot;stretch_section&quot;:&quot;section-stretched&quot;,&quot;background_background&quot;:&quot;classic&quot;}\">\r\n\t\t\r\n\t\t\t\t\t\t\t<div class=\"elementor-container elementor-column-gap-default\">\r\n\t\t\t\t\t\t\t\t\t\t\t<div class=\"elementor-column elementor-col-50 elementor-top-column elementor-element elementor-element-f9fcb31 d-col-block position-static\" data-id=\"f9fcb31\" data-element_type=\"column\">\r\n\t\t\t\t\t<div class=\"elementor-widget-wrap elementor-element-populated\">\r\n\t\t\t\t\t\t\t\t<div class=\"elementor-element elementor-element-9822244 tri-bottom mb-0 elementor-widget elementor-widget-html\" data-id=\"9822244\" data-element_type=\"widget\" data-widget_type=\"html.default\">\n\t\t\t\t<div class=\"elementor-widget-container\">\n\t\t\t\t\t<svg xmlns=\"http:\/\/www.w3.org\/2000\/svg\" xmlns:xlink=\"http:\/\/www.w3.org\/1999\/xlink\" version=\"1.1\" x=\"0px\" y=\"0px\" viewbox=\"0 0 2000 120\" preserveaspectratio=\"xMinYMin\">\n\t<polygon fill=\"#FFF\" points=\"-11,2 693,112 2019,6 2019,135 -11,135  \"><\/polygon>\n<\/svg>\t\t\t\t<\/div>\n\t\t\t\t<\/div>\n\t\t\t\t<div class=\"elementor-element elementor-element-666a3a0 py-2 mb-0 elementor-invisible elementor-widget elementor-widget-heading\" data-id=\"666a3a0\" data-element_type=\"widget\" data-settings=\"{&quot;_animation_delay&quot;:200,&quot;_animation&quot;:&quot;fadeInUp&quot;}\" data-widget_type=\"heading.default\">\n\t\t\t\t<div class=\"elementor-widget-container\">\n\t\t\t\t\t<h3 class=\"elementor-heading-title elementor-size-default\">THETA Construction GmbH<\/h3>\t\t\t\t<\/div>\n\t\t\t\t<\/div>\n\t\t\t\t<div class=\"elementor-element elementor-element-4d5a5d6 mb-3 elementor-invisible elementor-widget elementor-widget-heading\" data-id=\"4d5a5d6\" data-element_type=\"widget\" data-settings=\"{&quot;_animation&quot;:&quot;fadeInUp&quot;,&quot;_animation_delay&quot;:400}\" data-widget_type=\"heading.default\">\n\t\t\t\t<div class=\"elementor-widget-container\">\n\t\t\t\t\t<h3 class=\"elementor-heading-title elementor-size-default\">Northgate Hotel &amp; Office Building <\/h3>\t\t\t\t<\/div>\n\t\t\t\t<\/div>\n\t\t\t\t<div class=\"elementor-element elementor-element-0c72a04 elementor-widget elementor-widget-text-editor\" data-id=\"0c72a04\" data-element_type=\"widget\" data-widget_type=\"text-editor.default\">\n\t\t\t\t<div class=\"elementor-widget-container\">\n\t\t\t\t\t\t\t\t\t<table width=\"624\">\n<tbody>\n<tr>\n<td width=\"250\">Project Name:<\/td>\n<td width=\"374\">Northgate Hotel &amp; Office Building <\/td>\n<\/tr>\n<tr>\n<td>Customer:<\/td>\n<td>Peker GmbH<\/td>\n<\/tr>\n<tr>\n<td>Project Location:<\/td>\n<td>Dusseldorf<\/td>\n<\/tr>\n<tr>\n<td>Project Type:<\/td>\n<td>Interior work Wage performance<\/td>\n<\/tr>\n<tr>\n<td>Value:<\/td>\n<td>1.25 M \u20ac<\/td>\n<\/tr>\n<tr>\n<td>Execution Date:<\/td>\n<td>2021-2022<\/td>\n<\/tr>\n<tr>\n<td>Gross floor area of the project:<\/td>\n<td>25500 sqm<\/td>\n<\/tr>\n<tr>\n<td>Scope of work:<\/td>\n<td width=\"374\">Drywall, <br \/>Roof Waterproofing &amp; Green Roof, <br \/>Screed, <br \/>Painter,<br \/>Outdoor Facilities,<br \/>Floor Work(Vinyl, Tiling,<br \/>Carpet, Stone, Epoxy Resin)<\/td>\n<\/tr>\n<\/tbody>\n<\/table>\n\t\t\t\t\t\t\t\t<\/div>\n\t\t\t\t<\/div>\n\t\t\t\t\t<\/div>\r\n\t\t\t\t<\/div>\r\n\t\t\t\t<div class=\"elementor-column elementor-col-50 elementor-top-column elementor-element elementor-element-f3bca84 animated-slow elementor-invisible\" data-id=\"f3bca84\" data-element_type=\"column\" data-settings=\"{&quot;animation&quot;:&quot;fadeInRight&quot;}\">\r\n\t\t\t\t\t<div class=\"elementor-widget-wrap elementor-element-populated\">\r\n\t\t\t\t\t\t\t\t<div class=\"elementor-element elementor-element-4b0cb5b elementor-widget elementor-widget-image\" data-id=\"4b0cb5b\" data-element_type=\"widget\" data-widget_type=\"image.default\">\n\t\t\t\t<div class=\"elementor-widget-container\">\n\t\t\t\t\t\t\t\t\t\t\t\t\t\t\t<img fetchpriority=\"high\" decoding=\"async\" width=\"870\" height=\"434\" src=\"https:\/\/thetaconstruction.de\/wp-content\/uploads\/2023\/02\/Northgate-Duesseldorf-1.jpg\" class=\"attachment-large size-large wp-image-5470\" alt=\"Ein modernes B\u00fcro- und Gesch\u00e4ftsgeb\u00e4ude mit gro\u00dfer Glasfassade, umgeben von B\u00e4umen, Rasenfl\u00e4chen und einem begr\u00fcnten Vorplatz.\" srcset=\"https:\/\/thetaconstruction.de\/wp-content\/uploads\/2023\/02\/Northgate-Duesseldorf-1.jpg 870w, https:\/\/thetaconstruction.de\/wp-content\/uploads\/2023\/02\/Northgate-Duesseldorf-1-768x383.jpg 768w, https:\/\/thetaconstruction.de\/wp-content\/uploads\/2023\/02\/Northgate-Duesseldorf-1-640x319.jpg 640w, https:\/\/thetaconstruction.de\/wp-content\/uploads\/2023\/02\/Northgate-Duesseldorf-1-400x200.jpg 400w, https:\/\/thetaconstruction.de\/wp-content\/uploads\/2023\/02\/Northgate-Duesseldorf-1-367x183.jpg 367w\" sizes=\"(max-width: 870px) 100vw, 870px\" \/>\t\t\t\t\t\t\t\t\t\t\t\t\t\t\t<\/div>\n\t\t\t\t<\/div>\n\t\t\t\t\t<\/div>\r\n\t\t\t\t<\/div>\r\n\t\t\t\t\t<\/div>\r\n\t\t\t\t<\/section>\r\n\t\t\t\t<section class=\"elementor-section elementor-top-section elementor-element elementor-element-04a9456 elementor-section-boxed elementor-section-height-default elementor-section-height-default\" data-id=\"04a9456\" data-element_type=\"section\">\r\n\t\t\r\n\t\t\t\t\t\t\t<div class=\"elementor-container elementor-column-gap-default\">\r\n\t\t\t\t\t\t\t\t\t\t\t<div class=\"elementor-column elementor-col-100 elementor-top-column elementor-element elementor-element-5817c82\" data-id=\"5817c82\" data-element_type=\"column\">\r\n\t\t\t\t\t<div class=\"elementor-widget-wrap elementor-element-populated\">\r\n\t\t\t\t\t\t\t\t<div class=\"elementor-element elementor-element-d78af36 animated-slow elementor-invisible elementor-widget elementor-widget-porto_image_gallery\" data-id=\"d78af36\" data-element_type=\"widget\" data-settings=\"{&quot;view&quot;:&quot;masonry&quot;,&quot;spacing&quot;:{&quot;unit&quot;:&quot;px&quot;,&quot;size&quot;:10,&quot;sizes&quot;:[]},&quot;_animation&quot;:&quot;fadeIn&quot;}\" data-widget_type=\"porto_image_gallery.default\">\n\t\t\t\t<div class=\"elementor-widget-container\">\n\t\t\t\t\t<div class=\"porto-gallery has-ccols ccols-1 has-ccols-spacing ccols-sm-2 porto-gallery-masonry lightbox\" data-plugin-masonry data-plugin-options=\"{&quot;layoutMode&quot;:&quot;masonry&quot;,&quot;itemSelector&quot;:&quot;a&quot;,&quot;masonry&quot;:{&quot;columnWidth&quot;:&quot;a&quot;},&quot;animationEngine&quot;:&quot;best-available&quot;,&quot;resizable&quot;:false}\" data-lightbox-options=\"{&quot;delegate&quot;:&quot;a&quot;,&quot;mainClass&quot;:&quot;mfp-with-zoom&quot;,&quot;zoom&quot;:{&quot;enabled&quot;:true,&quot;duration&quot;:300},&quot;gallery&quot;:{&quot;enabled&quot;:true},&quot;type&quot;:&quot;image&quot;}\"><a class=\"hover-effect-dir\" href=\"https:\/\/thetaconstruction.de\/wp-content\/uploads\/2023\/02\/Northgate-Duesseldorf-2-2-scaled.jpg\"><figure><img decoding=\"async\" width=\"1440\" height=\"2560\" src=\"https:\/\/thetaconstruction.de\/wp-content\/uploads\/2023\/02\/Northgate-Duesseldorf-2-2-scaled.jpg\" class=\"attachment-full size-full\" alt=\"\" srcset=\"https:\/\/thetaconstruction.de\/wp-content\/uploads\/2023\/02\/Northgate-Duesseldorf-2-2-scaled.jpg 1440w, https:\/\/thetaconstruction.de\/wp-content\/uploads\/2023\/02\/Northgate-Duesseldorf-2-2-576x1024.jpg 576w, https:\/\/thetaconstruction.de\/wp-content\/uploads\/2023\/02\/Northgate-Duesseldorf-2-2-768x1365.jpg 768w, https:\/\/thetaconstruction.de\/wp-content\/uploads\/2023\/02\/Northgate-Duesseldorf-2-2-864x1536.jpg 864w, https:\/\/thetaconstruction.de\/wp-content\/uploads\/2023\/02\/Northgate-Duesseldorf-2-2-1152x2048.jpg 1152w, https:\/\/thetaconstruction.de\/wp-content\/uploads\/2023\/02\/Northgate-Duesseldorf-2-2-640x1138.jpg 640w, https:\/\/thetaconstruction.de\/wp-content\/uploads\/2023\/02\/Northgate-Duesseldorf-2-2-400x711.jpg 400w, https:\/\/thetaconstruction.de\/wp-content\/uploads\/2023\/02\/Northgate-Duesseldorf-2-2-367x652.jpg 367w\" sizes=\"(max-width: 1440px) 100vw, 1440px\" \/><div class=\"fill\"><i class=\"centered-icon fa fa-plus\"><\/i><\/div><\/figure><\/a><a class=\"hover-effect-dir\" href=\"https:\/\/thetaconstruction.de\/wp-content\/uploads\/2023\/02\/Northgate-Duesseldorf-3-scaled.jpg\"><figure><img decoding=\"async\" width=\"1440\" height=\"2560\" src=\"https:\/\/thetaconstruction.de\/wp-content\/uploads\/2023\/02\/Northgate-Duesseldorf-3-scaled.jpg\" class=\"attachment-full size-full\" alt=\"Ein moderner Innenraum mit hellem Holzfu\u00dfboden, dekorativer Decke und Tischen sowie St\u00fchlen, die mit wei\u00dfen Abdeckungen gesch\u00fctzt sind.\" srcset=\"https:\/\/thetaconstruction.de\/wp-content\/uploads\/2023\/02\/Northgate-Duesseldorf-3-scaled.jpg 1440w, https:\/\/thetaconstruction.de\/wp-content\/uploads\/2023\/02\/Northgate-Duesseldorf-3-576x1024.jpg 576w, https:\/\/thetaconstruction.de\/wp-content\/uploads\/2023\/02\/Northgate-Duesseldorf-3-768x1365.jpg 768w, https:\/\/thetaconstruction.de\/wp-content\/uploads\/2023\/02\/Northgate-Duesseldorf-3-864x1536.jpg 864w, https:\/\/thetaconstruction.de\/wp-content\/uploads\/2023\/02\/Northgate-Duesseldorf-3-1152x2048.jpg 1152w, https:\/\/thetaconstruction.de\/wp-content\/uploads\/2023\/02\/Northgate-Duesseldorf-3-640x1138.jpg 640w, https:\/\/thetaconstruction.de\/wp-content\/uploads\/2023\/02\/Northgate-Duesseldorf-3-400x711.jpg 400w, https:\/\/thetaconstruction.de\/wp-content\/uploads\/2023\/02\/Northgate-Duesseldorf-3-367x652.jpg 367w\" sizes=\"(max-width: 1440px) 100vw, 1440px\" \/><div class=\"fill\"><i class=\"centered-icon fa fa-plus\"><\/i><\/div><\/figure><\/a><a class=\"hover-effect-dir\" href=\"https:\/\/thetaconstruction.de\/wp-content\/uploads\/2023\/02\/Northgate-Duesseldorf-4-2-scaled.jpg\"><figure><img loading=\"lazy\" decoding=\"async\" width=\"1440\" height=\"2560\" src=\"https:\/\/thetaconstruction.de\/wp-content\/uploads\/2023\/02\/Northgate-Duesseldorf-4-2-scaled.jpg\" class=\"attachment-full size-full\" alt=\"\" srcset=\"https:\/\/thetaconstruction.de\/wp-content\/uploads\/2023\/02\/Northgate-Duesseldorf-4-2-scaled.jpg 1440w, https:\/\/thetaconstruction.de\/wp-content\/uploads\/2023\/02\/Northgate-Duesseldorf-4-2-576x1024.jpg 576w, https:\/\/thetaconstruction.de\/wp-content\/uploads\/2023\/02\/Northgate-Duesseldorf-4-2-768x1365.jpg 768w, https:\/\/thetaconstruction.de\/wp-content\/uploads\/2023\/02\/Northgate-Duesseldorf-4-2-864x1536.jpg 864w, https:\/\/thetaconstruction.de\/wp-content\/uploads\/2023\/02\/Northgate-Duesseldorf-4-2-1152x2048.jpg 1152w, https:\/\/thetaconstruction.de\/wp-content\/uploads\/2023\/02\/Northgate-Duesseldorf-4-2-640x1138.jpg 640w, https:\/\/thetaconstruction.de\/wp-content\/uploads\/2023\/02\/Northgate-Duesseldorf-4-2-400x711.jpg 400w, https:\/\/thetaconstruction.de\/wp-content\/uploads\/2023\/02\/Northgate-Duesseldorf-4-2-367x652.jpg 367w\" sizes=\"(max-width: 1440px) 100vw, 1440px\" \/><div class=\"fill\"><i class=\"centered-icon fa fa-plus\"><\/i><\/div><\/figure><\/a><a class=\"hover-effect-dir\" href=\"https:\/\/thetaconstruction.de\/wp-content\/uploads\/2023\/02\/Northgate-Duesseldorf-5-2.jpg\"><figure><img loading=\"lazy\" decoding=\"async\" width=\"900\" height=\"1600\" src=\"https:\/\/thetaconstruction.de\/wp-content\/uploads\/2023\/02\/Northgate-Duesseldorf-5-2.jpg\" class=\"attachment-full size-full\" alt=\"\" srcset=\"https:\/\/thetaconstruction.de\/wp-content\/uploads\/2023\/02\/Northgate-Duesseldorf-5-2.jpg 900w, https:\/\/thetaconstruction.de\/wp-content\/uploads\/2023\/02\/Northgate-Duesseldorf-5-2-576x1024.jpg 576w, https:\/\/thetaconstruction.de\/wp-content\/uploads\/2023\/02\/Northgate-Duesseldorf-5-2-768x1365.jpg 768w, https:\/\/thetaconstruction.de\/wp-content\/uploads\/2023\/02\/Northgate-Duesseldorf-5-2-864x1536.jpg 864w, https:\/\/thetaconstruction.de\/wp-content\/uploads\/2023\/02\/Northgate-Duesseldorf-5-2-640x1138.jpg 640w, https:\/\/thetaconstruction.de\/wp-content\/uploads\/2023\/02\/Northgate-Duesseldorf-5-2-400x711.jpg 400w, https:\/\/thetaconstruction.de\/wp-content\/uploads\/2023\/02\/Northgate-Duesseldorf-5-2-367x652.jpg 367w\" sizes=\"(max-width: 900px) 100vw, 900px\" \/><div class=\"fill\"><i class=\"centered-icon fa fa-plus\"><\/i><\/div><\/figure><\/a><a class=\"hover-effect-dir\" href=\"https:\/\/thetaconstruction.de\/wp-content\/uploads\/2023\/02\/Northgate-Duesseldorf-6.jpg\"><figure><img loading=\"lazy\" decoding=\"async\" width=\"900\" height=\"1600\" src=\"https:\/\/thetaconstruction.de\/wp-content\/uploads\/2023\/02\/Northgate-Duesseldorf-6.jpg\" class=\"attachment-full size-full\" alt=\"\" srcset=\"https:\/\/thetaconstruction.de\/wp-content\/uploads\/2023\/02\/Northgate-Duesseldorf-6.jpg 900w, https:\/\/thetaconstruction.de\/wp-content\/uploads\/2023\/02\/Northgate-Duesseldorf-6-576x1024.jpg 576w, https:\/\/thetaconstruction.de\/wp-content\/uploads\/2023\/02\/Northgate-Duesseldorf-6-768x1365.jpg 768w, https:\/\/thetaconstruction.de\/wp-content\/uploads\/2023\/02\/Northgate-Duesseldorf-6-864x1536.jpg 864w, https:\/\/thetaconstruction.de\/wp-content\/uploads\/2023\/02\/Northgate-Duesseldorf-6-640x1138.jpg 640w, https:\/\/thetaconstruction.de\/wp-content\/uploads\/2023\/02\/Northgate-Duesseldorf-6-400x711.jpg 400w, https:\/\/thetaconstruction.de\/wp-content\/uploads\/2023\/02\/Northgate-Duesseldorf-6-367x652.jpg 367w\" sizes=\"(max-width: 900px) 100vw, 900px\" \/><div class=\"fill\"><i class=\"centered-icon fa fa-plus\"><\/i><\/div><\/figure><\/a><a class=\"hover-effect-dir\" href=\"https:\/\/thetaconstruction.de\/wp-content\/uploads\/2023\/02\/Northgate-Duesseldorf-7.jpg\"><figure><img loading=\"lazy\" decoding=\"async\" width=\"900\" height=\"1600\" src=\"https:\/\/thetaconstruction.de\/wp-content\/uploads\/2023\/02\/Northgate-Duesseldorf-7.jpg\" class=\"attachment-full size-full\" alt=\"\" srcset=\"https:\/\/thetaconstruction.de\/wp-content\/uploads\/2023\/02\/Northgate-Duesseldorf-7.jpg 900w, https:\/\/thetaconstruction.de\/wp-content\/uploads\/2023\/02\/Northgate-Duesseldorf-7-576x1024.jpg 576w, https:\/\/thetaconstruction.de\/wp-content\/uploads\/2023\/02\/Northgate-Duesseldorf-7-768x1365.jpg 768w, https:\/\/thetaconstruction.de\/wp-content\/uploads\/2023\/02\/Northgate-Duesseldorf-7-864x1536.jpg 864w, https:\/\/thetaconstruction.de\/wp-content\/uploads\/2023\/02\/Northgate-Duesseldorf-7-640x1138.jpg 640w, https:\/\/thetaconstruction.de\/wp-content\/uploads\/2023\/02\/Northgate-Duesseldorf-7-400x711.jpg 400w, https:\/\/thetaconstruction.de\/wp-content\/uploads\/2023\/02\/Northgate-Duesseldorf-7-367x652.jpg 367w\" sizes=\"(max-width: 900px) 100vw, 900px\" \/><div class=\"fill\"><i class=\"centered-icon fa fa-plus\"><\/i><\/div><\/figure><\/a><\/div>\t\t\t\t<\/div>\n\t\t\t\t<\/div>\n\t\t\t\t\t<\/div>\r\n\t\t\t\t<\/div>\r\n\t\t\t\t\t<\/div>\r\n\t\t\t\t<\/section>\r\n\t\t\t\t<\/div>\n\t\t","protected":false},"excerpt":{"rendered":"<p>THETA Construction GmbH Northgate Hotel &amp; Office Building Project Name: Northgate Hotel &amp; Office Building Customer: Peker GmbH Project Location: Dusseldorf Project Type: Interior work Wage performance Value: 1.25 M \u20ac Execution Date: 2021-2022 Gross floor area of the project: 25500 sqm Scope of work: Drywall, Roof Waterproofing &amp; Green Roof, Screed, Painter,Outdoor Facilities,Floor Work(Vinyl, [&hellip;]<\/p>\n","protected":false},"author":1,"featured_media":0,"parent":5591,"menu_order":0,"comment_status":"closed","ping_status":"closed","template":"","meta":{"_acf_changed":false,"footnotes":""},"class_list":["post-5596","page","type-page","status-publish","hentry"],"acf":[],"aioseo_notices":[],"_links":{"self":[{"href":"https:\/\/thetaconstruction.de\/en\/wp-json\/wp\/v2\/pages\/5596","targetHints":{"allow":["GET"]}}],"collection":[{"href":"https:\/\/thetaconstruction.de\/en\/wp-json\/wp\/v2\/pages"}],"about":[{"href":"https:\/\/thetaconstruction.de\/en\/wp-json\/wp\/v2\/types\/page"}],"author":[{"embeddable":true,"href":"https:\/\/thetaconstruction.de\/en\/wp-json\/wp\/v2\/users\/1"}],"replies":[{"embeddable":true,"href":"https:\/\/thetaconstruction.de\/en\/wp-json\/wp\/v2\/comments?post=5596"}],"version-history":[{"count":5,"href":"https:\/\/thetaconstruction.de\/en\/wp-json\/wp\/v2\/pages\/5596\/revisions"}],"predecessor-version":[{"id":5601,"href":"https:\/\/thetaconstruction.de\/en\/wp-json\/wp\/v2\/pages\/5596\/revisions\/5601"}],"up":[{"embeddable":true,"href":"https:\/\/thetaconstruction.de\/en\/wp-json\/wp\/v2\/pages\/5591"}],"wp:attachment":[{"href":"https:\/\/thetaconstruction.de\/en\/wp-json\/wp\/v2\/media?parent=5596"}],"curies":[{"name":"wp","href":"https:\/\/api.w.org\/{rel}","templated":true}]}}